{"id":403,"date":"2024-03-18T16:45:19","date_gmt":"2024-03-18T16:45:19","guid":{"rendered":"https:\/\/brightphoto.hu\/?page_id=403"},"modified":"2024-11-06T21:40:02","modified_gmt":"2024-11-06T21:40:02","slug":"egyeb","status":"publish","type":"page","link":"https:\/\/brightphoto.hu\/index.php\/egyeb\/","title":{"rendered":"Egy\u00e9b"},"content":{"rendered":"<h4 style=\"text-align: center;\">\u00a0<\/h4>\r\n<div class=\"wp-block-columns alignwide\">\r\n<div class=\"wp-block-column\" style=\"border-top-color: var(--wp--preset--color--contrast-3); border-top-width: 1px; padding: var(--wp--preset--spacing--30) var(--wp--preset--spacing--30) var(--wp--preset--spacing--10) var(--wp--preset--spacing--30);\">\r\n<h4 class=\"wp-block-heading has-text-align-center has-medium-font-size\" style=\"padding-top: 1px;\"><strong>Mini<\/strong><\/h4>\r\n<!-- \/wp:post-content -->\r\n\r\n<!-- wp:spacer {\"height\":\"var:preset|spacing|10\"} -->\r\n<div class=\"wp-block-spacer\" style=\"height: var(--wp--preset--spacing--10);\" aria-hidden=\"true\">\u00a0<\/div>\r\n<!-- \/wp:spacer -->\r\n\r\n<!-- wp:group {\"layout\":{\"type\":\"flex\",\"orientation\":\"vertical\",\"justifyContent\":\"stretch\"}} -->\r\n<div class=\"wp-block-group\"><!-- wp:paragraph {\"align\":\"center\"} -->\r\n<p class=\"has-text-align-center\">20 perc fot\u00f3z\u00e1s<\/p>\r\n<!-- \/wp:paragraph -->\r\n\r\n<!-- wp:separator {\"backgroundColor\":\"contrast-3\",\"className\":\"is-style-wide\"} --><hr class=\"wp-block-separator has-text-color has-contrast-3-color has-alpha-channel-opacity has-contrast-3-background-color has-background is-style-wide\" \/><!-- \/wp:separator -->\r\n\r\n<!-- wp:paragraph {\"align\":\"center\",\"style\":{\"elements\":{\"link\":{\"color\":{\"text\":\"var:preset|color|contrast-2\"}}}},\"textColor\":\"contrast-2\"} -->\r\n<p class=\"has-text-align-center has-contrast-2-color has-text-color has-link-color\">5 db kidolgozott f\u00e9nyk\u00e9p digit\u00e1lisan \u00e1tadva<\/p>\r\n<!-- \/wp:paragraph -->\r\n\r\n<!-- wp:separator {\"backgroundColor\":\"contrast-3\",\"className\":\"is-style-wide\"} --><hr class=\"wp-block-separator has-text-color has-contrast-3-color has-alpha-channel-opacity has-contrast-3-background-color has-background is-style-wide\" \/><!-- \/wp:separator -->\r\n\r\n<!-- wp:paragraph {\"align\":\"center\",\"style\":{\"elements\":{\"link\":{\"color\":{\"text\":\"var:preset|color|contrast-2\"}}}},\"textColor\":\"contrast-2\"} -->\r\n<p class=\"has-text-align-center has-contrast-2-color has-text-color has-link-color\"><em>1 f\u0151 r\u00e9sz\u00e9re!<\/em><\/p>\r\n<!-- \/wp:paragraph --><\/div>\r\n<!-- \/wp:group -->\r\n\r\n<!-- wp:spacer {\"height\":\"var:preset|spacing|10\"} -->\r\n<div class=\"wp-block-spacer\" style=\"height: var(--wp--preset--spacing--10);\" aria-hidden=\"true\">\u00a0<\/div>\r\n<!-- \/wp:spacer -->\r\n\r\n<!-- wp:buttons {\"layout\":{\"type\":\"flex\",\"justifyContent\":\"center\"}} -->\r\n<div class=\"wp-block-buttons\"><!-- wp:button {\"backgroundColor\":\"contrast-3\",\"textColor\":\"base-2\",\"width\":75,\"style\":{\"elements\":{\"link\":{\"color\":{\"text\":\"var:preset|color|base-2\"}}}},\"className\":\"is-style-outline\"} -->\r\n<div class=\"wp-block-button has-custom-width wp-block-button__width-75 is-style-outline\"><a class=\"wp-block-button__link has-base-2-color has-contrast-3-background-color has-text-color has-background has-link-color wp-element-button\">14.900 Ft<\/a><\/div>\r\n<!-- \/wp:button --><\/div>\r\n<!-- \/wp:buttons --><\/div>\r\n<!-- \/wp:column -->\r\n\r\n<!-- wp:column {\"style\":{\"spacing\":{\"padding\":{\"right\":\"var:preset|spacing|30\",\"left\":\"var:preset|spacing|30\",\"top\":\"var:preset|spacing|30\",\"bottom\":\"var:preset|spacing|10\"}},\"border\":{\"top\":{\"color\":\"var:preset|color|contrast-3\",\"width\":\"1px\"}}}} -->\r\n<div class=\"wp-block-column\" style=\"border-top-color: var(--wp--preset--color--contrast-3); border-top-width: 1px; padding: var(--wp--preset--spacing--30) var(--wp--preset--spacing--30) var(--wp--preset--spacing--10) var(--wp--preset--spacing--30);\"><!-- wp:heading {\"textAlign\":\"center\",\"level\":4,\"style\":{\"spacing\":{\"padding\":{\"top\":\"1px\"}}},\"fontSize\":\"medium\"} -->\r\n<h4 class=\"wp-block-heading has-text-align-center has-medium-font-size\" style=\"padding-top: 1px;\"><strong> Basic<\/strong><\/h4>\r\n<!-- \/wp:heading -->\r\n\r\n<!-- wp:spacer {\"height\":\"var:preset|spacing|10\"} -->\r\n<div class=\"wp-block-spacer\" style=\"height: var(--wp--preset--spacing--10);\" aria-hidden=\"true\">\u00a0<\/div>\r\n<!-- \/wp:spacer -->\r\n\r\n<!-- wp:group {\"layout\":{\"type\":\"flex\",\"orientation\":\"vertical\",\"justifyContent\":\"stretch\"}} -->\r\n<div class=\"wp-block-group\"><!-- wp:paragraph {\"align\":\"center\"} -->\r\n<p class=\"has-text-align-center\">40 perc fot\u00f3z\u00e1s<\/p>\r\n<!-- \/wp:paragraph -->\r\n\r\n<!-- wp:separator {\"backgroundColor\":\"contrast-3\",\"className\":\"is-style-wide\"} --><hr class=\"wp-block-separator has-text-color has-contrast-3-color has-alpha-channel-opacity has-contrast-3-background-color has-background is-style-wide\" \/><!-- \/wp:separator -->\r\n\r\n<!-- wp:paragraph {\"align\":\"center\"} -->\r\n<p class=\"has-text-align-center\">15 db kidolgozott fot\u00f3 digit\u00e1lisan \u00e1tadva<\/p>\r\n<!-- \/wp:paragraph -->\r\n\r\n<!-- wp:separator {\"backgroundColor\":\"contrast-3\",\"className\":\"is-style-wide\"} --><hr class=\"wp-block-separator has-text-color has-contrast-3-color has-alpha-channel-opacity has-contrast-3-background-color has-background is-style-wide\" \/><!-- \/wp:separator -->\r\n\r\n<!-- wp:paragraph {\"align\":\"center\"} -->\r\n<p class=\"has-text-align-center\">2 f\u0151 r\u00e9sz\u00e9re!\u00a0<\/p>\r\n<!-- \/wp:paragraph --><\/div>\r\n<!-- \/wp:group -->\r\n\r\n<!-- wp:spacer {\"height\":\"var:preset|spacing|10\"} -->\r\n<div class=\"wp-block-spacer\" style=\"height: var(--wp--preset--spacing--10);\" aria-hidden=\"true\">\u00a0<\/div>\r\n<!-- \/wp:spacer -->\r\n\r\n<!-- wp:buttons {\"layout\":{\"type\":\"flex\",\"justifyContent\":\"center\"}} -->\r\n<div class=\"wp-block-buttons\"><!-- wp:button {\"backgroundColor\":\"contrast-3\",\"textColor\":\"base-2\",\"width\":75,\"style\":{\"elements\":{\"link\":{\"color\":{\"text\":\"var:preset|color|base-2\"}}}},\"className\":\"is-style-outline\"} -->\r\n<div class=\"wp-block-button has-custom-width wp-block-button__width-75 is-style-outline\"><a class=\"wp-block-button__link has-base-2-color has-contrast-3-background-color has-text-color has-background has-link-color wp-element-button\">24.900 Ft<\/a><\/div>\r\n<!-- \/wp:button --><\/div>\r\n<!-- \/wp:buttons --><\/div>\r\n<!-- \/wp:column -->\r\n\r\n<!-- wp:column {\"style\":{\"spacing\":{\"padding\":{\"right\":\"var:preset|spacing|30\",\"left\":\"var:preset|spacing|30\",\"top\":\"var:preset|spacing|30\",\"bottom\":\"var:preset|spacing|10\"}},\"border\":{\"top\":{\"color\":\"var:preset|color|contrast-3\",\"width\":\"1px\"}}}} -->\r\n<div class=\"wp-block-column\" style=\"border-top-color: var(--wp--preset--color--contrast-3); border-top-width: 1px; padding: var(--wp--preset--spacing--30) var(--wp--preset--spacing--30) var(--wp--preset--spacing--10) var(--wp--preset--spacing--30);\"><!-- wp:heading {\"textAlign\":\"center\",\"level\":4,\"style\":{\"spacing\":{\"padding\":{\"top\":\"1px\"}}},\"fontSize\":\"medium\"} -->\r\n<h4 class=\"wp-block-heading has-text-align-center has-medium-font-size\" style=\"padding-top: 1px;\"><strong> Deluxe csal\u00e1di<\/strong><\/h4>\r\n<!-- \/wp:heading -->\r\n\r\n<!-- wp:spacer {\"height\":\"var:preset|spacing|10\"} -->\r\n<div class=\"wp-block-spacer\" style=\"height: var(--wp--preset--spacing--10);\" aria-hidden=\"true\">\u00a0<\/div>\r\n<!-- \/wp:spacer -->\r\n\r\n<!-- wp:group {\"layout\":{\"type\":\"flex\",\"orientation\":\"vertical\",\"justifyContent\":\"stretch\"}} -->\r\n<div class=\"wp-block-group\"><!-- wp:paragraph {\"align\":\"center\"} -->\r\n<p class=\"has-text-align-center\">60 perc fot\u00f3z\u00e1s<\/p>\r\n<!-- \/wp:paragraph -->\r\n\r\n<!-- wp:separator {\"backgroundColor\":\"contrast-3\",\"className\":\"is-style-wide\"} --><hr class=\"wp-block-separator has-text-color has-contrast-3-color has-alpha-channel-opacity has-contrast-3-background-color has-background is-style-wide\" \/><!-- \/wp:separator -->\r\n\r\n<!-- wp:paragraph {\"align\":\"center\"} -->\r\n<p class=\"has-text-align-center\">20 db jav\u00edtott fot\u00f3 digit\u00e1lisan \u00e1tadva<\/p>\r\n<!-- \/wp:paragraph -->\r\n\r\n<!-- wp:separator {\"backgroundColor\":\"contrast-3\",\"className\":\"is-style-wide\"} --><hr class=\"wp-block-separator has-text-color has-contrast-3-color has-alpha-channel-opacity has-contrast-3-background-color has-background is-style-wide\" \/><!-- \/wp:separator -->\r\n\r\n<!-- wp:paragraph {\"align\":\"center\"} -->\r\n<p class=\"has-text-align-center\"><strong>aj\u00e1nd\u00e9k e-k\u00e9peslap<\/strong><\/p>\r\n<!-- \/wp:paragraph --><\/div>\r\n<!-- \/wp:group -->\r\n\r\n<!-- wp:buttons {\"layout\":{\"type\":\"flex\",\"justifyContent\":\"center\"}} -->\r\n<div class=\"wp-block-buttons\"><!-- wp:button {\"backgroundColor\":\"contrast-3\",\"textColor\":\"base-2\",\"width\":75,\"style\":{\"elements\":{\"link\":{\"color\":{\"text\":\"var:preset|color|base-2\"}}}},\"className\":\"is-style-outline\"} -->\r\n<div class=\"wp-block-button has-custom-width wp-block-button__width-75 is-style-outline\"><a class=\"wp-block-button__link has-base-2-color has-contrast-3-background-color has-text-color has-background has-link-color wp-element-button\">34.900 Ft<\/a><\/div>\r\n<div>\u00a0<\/div>\r\n<!-- \/wp:button --><\/div>\r\n<!-- \/wp:buttons --><\/div>\r\n<!-- \/wp:column --><\/div>\r\n<!-- \/wp:columns -->\r\n\r\n<!-- wp:paragraph {\"align\":\"center\"} -->\r\n<p class=\"has-text-align-center\" style=\"text-align: center;\">Tov\u00e1bbi k\u00e9pek v\u00e1s\u00e1rolhat\u00f3k 2.500 Ft\/db \u00e1ron.<\/p>","protected":false},"excerpt":{"rendered":"<p>\u00a0 Mini \u00a0 20 perc fot\u00f3z\u00e1s 5 db kidolgozott f\u00e9nyk\u00e9p digit\u00e1lisan \u00e1tadva 1 f\u0151 r\u00e9sz\u00e9re! [&hellip;]<\/p>\n","protected":false},"author":1,"featured_media":0,"parent":0,"menu_order":0,"comment_status":"closed","ping_status":"closed","template":"wp-custom-template-egy-b","meta":{"footnotes":""},"class_list":["post-403","page","type-page","status-publish","hentry"],"_links":{"self":[{"href":"https:\/\/brightphoto.hu\/index.php\/wp-json\/wp\/v2\/pages\/403","targetHints":{"allow":["GET"]}}],"collection":[{"href":"https:\/\/brightphoto.hu\/index.php\/wp-json\/wp\/v2\/pages"}],"about":[{"href":"https:\/\/brightphoto.hu\/index.php\/wp-json\/wp\/v2\/types\/page"}],"author":[{"embeddable":true,"href":"https:\/\/brightphoto.hu\/index.php\/wp-json\/wp\/v2\/users\/1"}],"replies":[{"embeddable":true,"href":"https:\/\/brightphoto.hu\/index.php\/wp-json\/wp\/v2\/comments?post=403"}],"version-history":[{"count":39,"href":"https:\/\/brightphoto.hu\/index.php\/wp-json\/wp\/v2\/pages\/403\/revisions"}],"predecessor-version":[{"id":741,"href":"https:\/\/brightphoto.hu\/index.php\/wp-json\/wp\/v2\/pages\/403\/revisions\/741"}],"wp:attachment":[{"href":"https:\/\/brightphoto.hu\/index.php\/wp-json\/wp\/v2\/media?parent=403"}],"curies":[{"name":"wp","href":"https:\/\/api.w.org\/{rel}","templated":true}]}}