{"id":237,"date":"2024-03-17T21:44:35","date_gmt":"2024-03-17T21:44:35","guid":{"rendered":"https:\/\/brightphoto.hu\/?page_id=237"},"modified":"2024-12-10T18:24:44","modified_gmt":"2024-12-10T18:24:44","slug":"eskuvo","status":"publish","type":"page","link":"https:\/\/brightphoto.hu\/index.php\/eskuvo\/","title":{"rendered":"Esk\u00fcv\u0151"},"content":{"rendered":"<p style=\"text-align: center;\">\u00a0<\/p>\r\n<div class=\"wp-block-columns alignwide\">\r\n<div class=\"wp-block-column\" style=\"border-top-color: var(--wp--preset--color--contrast-3); border-top-width: 1px; padding: var(--wp--preset--spacing--30) var(--wp--preset--spacing--30) var(--wp--preset--spacing--10) var(--wp--preset--spacing--30);\">\r\n<div class=\"wp-block-buttons\">\r\n<div class=\"wp-block-button has-custom-width wp-block-button__width-75 is-style-outline\">\u00a0<\/div>\r\n<!-- \/wp:post-content --><\/div>\r\n<!-- \/wp:buttons --><\/div>\r\n<!-- \/wp:column --><\/div>\r\n<!-- \/wp:columns -->\r\n\r\n<!-- wp:paragraph {\"align\":\"center\"} -->\r\n<p style=\"text-align: center;\"><strong>Egyedi \u00e1raj\u00e1nlat\u00e9rt keressenek bizalommal!<\/strong><\/p>\r\n<p class=\"has-text-align-center\" style=\"text-align: center;\">Az \u00e1rak budapesti helysz\u00ednekre \u00e9rv\u00e9nyesek! Pest megy\u00e9n bel\u00fcl 20.000 Ft egyszeri kisz\u00e1ll\u00e1si d\u00edjat sz\u00e1molok fel.\u00a0<\/p>\r\n<p>&nbsp;<\/p>","protected":false},"excerpt":{"rendered":"<p>\u00a0 \u00a0 Egyedi \u00e1raj\u00e1nlat\u00e9rt keressenek bizalommal! Az \u00e1rak budapesti helysz\u00ednekre \u00e9rv\u00e9nyesek! Pest megy\u00e9n bel\u00fcl 20.000 [&hellip;]<\/p>\n","protected":false},"author":1,"featured_media":0,"parent":0,"menu_order":0,"comment_status":"closed","ping_status":"closed","template":"wp-custom-template-esk-v","meta":{"footnotes":""},"class_list":["post-237","page","type-page","status-publish","hentry"],"_links":{"self":[{"href":"https:\/\/brightphoto.hu\/index.php\/wp-json\/wp\/v2\/pages\/237","targetHints":{"allow":["GET"]}}],"collection":[{"href":"https:\/\/brightphoto.hu\/index.php\/wp-json\/wp\/v2\/pages"}],"about":[{"href":"https:\/\/brightphoto.hu\/index.php\/wp-json\/wp\/v2\/types\/page"}],"author":[{"embeddable":true,"href":"https:\/\/brightphoto.hu\/index.php\/wp-json\/wp\/v2\/users\/1"}],"replies":[{"embeddable":true,"href":"https:\/\/brightphoto.hu\/index.php\/wp-json\/wp\/v2\/comments?post=237"}],"version-history":[{"count":60,"href":"https:\/\/brightphoto.hu\/index.php\/wp-json\/wp\/v2\/pages\/237\/revisions"}],"predecessor-version":[{"id":736,"href":"https:\/\/brightphoto.hu\/index.php\/wp-json\/wp\/v2\/pages\/237\/revisions\/736"}],"wp:attachment":[{"href":"https:\/\/brightphoto.hu\/index.php\/wp-json\/wp\/v2\/media?parent=237"}],"curies":[{"name":"wp","href":"https:\/\/api.w.org\/{rel}","templated":true}]}}